{"id":13,"date":"2022-11-08T20:35:40","date_gmt":"2022-11-08T20:35:40","guid":{"rendered":"https:\/\/sibiucontabilitate.ro\/?page_id=13"},"modified":"2024-02-17T20:56:40","modified_gmt":"2024-02-17T20:56:40","slug":"tarife-contabilitate","status":"publish","type":"page","link":"https:\/\/sibiucontabilitate.ro\/?page_id=13","title":{"rendered":"Tarife contabilitate"},"content":{"rendered":"<p>[et_pb_section fb_built=&#8221;1&#8243; fullwidth=&#8221;on&#8221; _builder_version=&#8221;4.19.0&#8243; _module_preset=&#8221;default&#8221; global_colors_info=&#8221;{}&#8221;][et_pb_fullwidth_header title=&#8221;@ET-DC@eyJkeW5hbWljIjp0cnVlLCJjb250ZW50IjoicG9zdF90aXRsZSIsInNldHRpbmdzIjp7ImJlZm9yZSI6IiIsImFmdGVyIjoiIn19@&#8221; button_one_text=&#8221;Suna acum&#8221; button_one_url=&#8221;tel:0741113163&#8243; button_two_text=&#8221;Contact&#8221; button_two_url=&#8221;@ET-DC@eyJkeW5hbWljIjp0cnVlLCJjb250ZW50IjoicG9zdF9saW5rX3VybF9wYWdlIiwic2V0dGluZ3MiOnsicG9zdF9pZCI6IjQwIn19@&#8221; _builder_version=&#8221;4.19.0&#8243; _dynamic_attributes=&#8221;title,button_two_url&#8221; _module_preset=&#8221;default&#8221; title_font=&#8221;Darker Grotesque|900|||||||&#8221; title_font_size=&#8221;70px&#8221; background_color=&#8221;rgba(0,0,0,0.73)&#8221; background_image=&#8221;https:\/\/sibiucontabilitate.ro\/wp-content\/uploads\/2022\/11\/financial-advisor-39.jpg&#8221; background_blend=&#8221;overlay&#8221; custom_button_one=&#8221;on&#8221; button_one_text_color=&#8221;#000000&#8243; button_one_bg_color=&#8221;#ddccb8&#8243; global_colors_info=&#8221;{}&#8221;][\/et_pb_fullwidth_header][\/et_pb_section][et_pb_section fb_built=&#8221;1&#8243; _builder_version=&#8221;4.19.0&#8243; _module_preset=&#8221;default&#8221; global_colors_info=&#8221;{}&#8221;][et_pb_row _builder_version=&#8221;4.19.0&#8243; _module_preset=&#8221;default&#8221; global_colors_info=&#8221;{}&#8221;][et_pb_column type=&#8221;4_4&#8243; _builder_version=&#8221;4.19.0&#8243; _module_preset=&#8221;default&#8221; global_colors_info=&#8221;{}&#8221;][et_pb_text _builder_version=&#8221;4.19.0&#8243; _module_preset=&#8221;default&#8221; hover_enabled=&#8221;0&#8243; global_colors_info=&#8221;{}&#8221; sticky_enabled=&#8221;0&#8243;]<\/p>\n<p>Firma noastr\u0103 de contabilitate din Sibiu, <strong>BCA Accounting<\/strong> ofer\u0103 servicii de calitate la tarife accesibile. C\u00e2nd vine vorba de stabilirea tarifelor, lu\u0103m \u00een considerare o serie de factori specifici pentru fiecare client \u00een parte. Volumul de munc\u0103 estimat, gradul de dificultate al sarcinilor, num\u0103rul de salaria\u021bi \u0219i serviciile suplimentare solicitate sunt doar c\u00e2teva dintre acestea.<\/p>\n<p>Suntem con\u0219tien\u021bi c\u0103 fiecare afacere are nevoi \u0219i cerin\u021be unice, de aceea abord\u0103m fiecare proiect \u00een mod individualizat. Tarifele noastre sunt personalizate \u0219i adaptate necesit\u0103\u021bilor specifice ale fiec\u0103rui client. \u00cen plus, tarifele noastre sunt competitive \u0219i oferim clien\u021bilor no\u0219tri o reducere semnificativ\u0103 a costurilor.<\/p>\n<p>Cu noi, clien\u021bii no\u0219tri vor putea economisi p\u00e2n\u0103 la 50% din costurile aferente existen\u021bei unui departament de contabilitate propriu. Av\u00e2nd \u00een vedere faptul c\u0103 angajarea unui specialist \u00een contabilitate implic\u0103 costuri ridicate, cum ar fi salariile, costurile cu asigur\u0103rile sociale \u0219i de s\u0103n\u0103tate, echipamentele \u0219i software-ul, optarea pentru serviciile noastre poate fi o solu\u021bie mai eficient\u0103 \u0219i mai economic\u0103 pentru afacerea dumneavoastr\u0103.<\/p>\n<p>\u00cen concluzie, firma noastr\u0103 de contabilitate din Sibiu ofer\u0103 servicii de calitate la tarife personalizate \u0219i accesibile, reduc\u00e2nd costurile pentru clien\u021bii no\u0219tri cu p\u00e2n\u0103 la 50%. Contacta\u021bi-ne acum pentru a afla mai multe despre serviciile noastre \u0219i pentru a primi o ofert\u0103 personalizat\u0103.<\/p>\n<p>[\/et_pb_text][\/et_pb_column][\/et_pb_row][\/et_pb_section]<\/p>\n","protected":false},"excerpt":{"rendered":"<p>Firma noastr\u0103 de contabilitate din Sibiu, BCA Accounting ofer\u0103 servicii de calitate la tarife accesibile. C\u00e2nd vine vorba de stabilirea tarifelor, lu\u0103m \u00een considerare o serie de factori specifici pentru fiecare client \u00een parte. Volumul de munc\u0103 estimat, gradul de dificultate al sarcinilor, num\u0103rul de salaria\u021bi \u0219i serviciile suplimentare solicitate sunt doar c\u00e2teva dintre acestea. [&hellip;]<\/p>\n","protected":false},"author":1,"featured_media":0,"parent":0,"menu_order":0,"comment_status":"closed","ping_status":"closed","template":"","meta":{"_et_pb_use_builder":"on","_et_pb_old_content":"<!-- wp:divi\/placeholder \/-->","_et_gb_content_width":"","inline_featured_image":false,"footnotes":""},"class_list":["post-13","page","type-page","status-publish","hentry"],"_links":{"self":[{"href":"https:\/\/sibiucontabilitate.ro\/index.php?rest_route=\/wp\/v2\/pages\/13","targetHints":{"allow":["GET"]}}],"collection":[{"href":"https:\/\/sibiucontabilitate.ro\/index.php?rest_route=\/wp\/v2\/pages"}],"about":[{"href":"https:\/\/sibiucontabilitate.ro\/index.php?rest_route=\/wp\/v2\/types\/page"}],"author":[{"embeddable":true,"href":"https:\/\/sibiucontabilitate.ro\/index.php?rest_route=\/wp\/v2\/users\/1"}],"replies":[{"embeddable":true,"href":"https:\/\/sibiucontabilitate.ro\/index.php?rest_route=%2Fwp%2Fv2%2Fcomments&post=13"}],"version-history":[{"count":9,"href":"https:\/\/sibiucontabilitate.ro\/index.php?rest_route=\/wp\/v2\/pages\/13\/revisions"}],"predecessor-version":[{"id":515,"href":"https:\/\/sibiucontabilitate.ro\/index.php?rest_route=\/wp\/v2\/pages\/13\/revisions\/515"}],"wp:attachment":[{"href":"https:\/\/sibiucontabilitate.ro\/index.php?rest_route=%2Fwp%2Fv2%2Fmedia&parent=13"}],"curies":[{"name":"wp","href":"https:\/\/api.w.org\/{rel}","templated":true}]}}